{"id":952,"date":"2024-06-27T16:50:31","date_gmt":"2024-06-27T14:50:31","guid":{"rendered":"http:\/\/fastwpdemo.com\/newwp\/whitehall\/?page_id=952"},"modified":"2025-04-10T14:59:04","modified_gmt":"2025-04-10T12:59:04","slug":"contact","status":"publish","type":"page","link":"https:\/\/www.frenellesenvexin.fr\/site\/contact\/","title":{"rendered":"Contact"},"content":{"rendered":"\t\t<div data-elementor-type=\"wp-page\" data-elementor-id=\"952\" class=\"elementor elementor-952\" data-elementor-post-type=\"page\">\n\t\t\t\t\t\t<section class=\"elementor-section elementor-top-section elementor-element elementor-element-9561136 elementor-section-full_width elementor-section-height-default elementor-section-height-default\" data-id=\"9561136\" data-element_type=\"section\">\n\t\t\t\t\t\t<div class=\"elementor-container elementor-column-gap-default\">\n\t\t\t\t\t<div class=\"elementor-column elementor-col-100 elementor-top-column elementor-element elementor-element-f64b4d6\" data-id=\"f64b4d6\" data-element_type=\"column\">\n\t\t\t<div class=\"elementor-widget-wrap\">\n\t\t\t\t\t\t\t<\/div>\n\t\t<\/div>\n\t\t\t\t\t<\/div>\n\t\t<\/section>\n\t\t\t\t<section class=\"elementor-section elementor-top-section elementor-element elementor-element-f351ceb elementor-section-full_width elementor-section-height-default elementor-section-height-default\" data-id=\"f351ceb\" data-element_type=\"section\">\n\t\t\t\t\t\t<div class=\"elementor-container elementor-column-gap-default\">\n\t\t\t\t\t<div class=\"elementor-column elementor-col-100 elementor-top-column elementor-element elementor-element-63648b8\" data-id=\"63648b8\" data-element_type=\"column\">\n\t\t\t<div class=\"elementor-widget-wrap elementor-element-populated\">\n\t\t\t\t\t\t<div class=\"elementor-element elementor-element-ccc66eb elementor-widget elementor-widget-google_maps\" data-id=\"ccc66eb\" data-element_type=\"widget\" data-widget_type=\"google_maps.default\">\n\t\t\t\t<div class=\"elementor-widget-container\">\n\t\t\t\t\t\t\t<div class=\"elementor-custom-embed\">\n\t\t\t<iframe loading=\"lazy\"\n\t\t\t\t\tsrc=\"https:\/\/maps.google.com\/maps?q=Frenelles%20en%20vexin&#038;t=m&#038;z=11&#038;output=embed&#038;iwloc=near\"\n\t\t\t\t\ttitle=\"Frenelles en vexin\"\n\t\t\t\t\taria-label=\"Frenelles en vexin\"\n\t\t\t><\/iframe>\n\t\t<\/div>\n\t\t\t\t\t\t<\/div>\n\t\t\t\t<\/div>\n\t\t\t\t<div class=\"elementor-element elementor-element-16bd260 elementor-widget elementor-widget-whitehall_contact_info\" data-id=\"16bd260\" data-element_type=\"widget\" data-widget_type=\"whitehall_contact_info.default\">\n\t\t\t\t<div class=\"elementor-widget-container\">\n\t\t\t\t\t        \n        <!-- contact-information -->\n        <section class=\"contact-information\">\n            <div class=\"auto-container\">\n                <div class=\"row clearfix\">\n                    <div class=\"col-lg-5 col-md-6 col-sm-12 content-column\">\n                        <div class=\"content_block_12\">\n                            <div class=\"content-box\">\n                                <div class=\"sec-title\">\n                                    <h6><i class=\"flaticon-star\"><\/i><span>Contact<\/span><\/h6>\n                                    <h2>Pour votre information<\/h2>\n                                    <div class=\"title-shape\"><\/div>\n                                <\/div>\n                                <div class=\"text\">\n                                    <p><\/p>\n                                                                        <div class=\"contact_box_n two\">\n                                        <p>\n                                            <span><i class=\"fa fa fa-map-marker\"><\/i>Adresse : <\/span>\n                                            9 Rue de l'\u00e9glise Saint Martin <BR> \nBoisemont -   27150 Frenelles en Vexin                                        <\/p>\n                                    <\/div>\n                                                                        <div class=\"contact_box_n two\">\n                                        <p>\n                                            <span><i class=\"fa fa fa-envelope\"><\/i>Email : <\/span>\n                                            secretariat@frenellesenvexin.fr                                        <\/p>\n                                    <\/div>\n                                                                        <div class=\"contact_box_n two\">\n                                        <p>\n                                            <span><i class=\"fa fa fa-phone\"><\/i>T\u00e9l\u00e9phone : <\/span>\n                                            02.32.69.41.26                                        <\/p>\n                                    <\/div>\n                                                                        <div class=\"contact_box_n two\">\n                                        <p>\n                                            <span><i class=\"fa fa fa-clock\"><\/i>Horaires : <\/span>\n                                            <BR>\nDu lundi au vendredi:  <BR>\n    de 9h00 \u00e0 12h00<BR>\n    de 14h00 \u00e0 18h00<BR>\nSamedi de 9h00 \u00e0 12h00                                        <\/p>\n                                    <\/div>\n                                                                    <\/div>\n\t\t\t\t\t\t\t\t\n\t\t\t\t\t\t\t\t\t\t\t\t\t\t\t\t<div class=\"social-box\">\n                                    <ul class=\"social-style-one clearfix\">\n\t\t\t\t\t\t\t\t\t\t\t\t\t\t\t\t\t\t\t\t<li><a href=\"https:\/\/www.facebook.com\/frenellesenvexin\" title=\"Facebook\" target=\"_blank\"><i class=\"fab fa fa-facebook\"><\/i><\/a><\/li>\n\t\t\t\t\t\t\t\t\t\t                                    <\/ul>\n                                <\/div>\n\t\t\t\t\t\t\t\t                            <\/div>\n                        <\/div>\n                    <\/div>\n                    \n                    <div class=\"col-lg-7 col-md-12 col-sm-12 contact-column\">\n                        <div class=\"contact_form_box\">\n                            \n                                                        <div id=\"contact-form\" class=\"default-form\">\n                                \n<div class=\"wpcf7 no-js\" id=\"wpcf7-f693-o1\" lang=\"en-US\" dir=\"ltr\" data-wpcf7-id=\"693\">\n<div class=\"screen-reader-response\"><p role=\"status\" aria-live=\"polite\" aria-atomic=\"true\"><\/p> <ul><\/ul><\/div>\n<form action=\"\/site\/wp-json\/wp\/v2\/pages\/952#wpcf7-f693-o1\" method=\"post\" class=\"wpcf7-form init\" aria-label=\"Contact form\" novalidate=\"novalidate\" data-status=\"init\">\n<fieldset class=\"hidden-fields-container\"><input type=\"hidden\" name=\"_wpcf7\" value=\"693\" \/><input type=\"hidden\" name=\"_wpcf7_version\" value=\"6.1.2\" \/><input type=\"hidden\" name=\"_wpcf7_locale\" value=\"en_US\" \/><input type=\"hidden\" name=\"_wpcf7_unit_tag\" value=\"wpcf7-f693-o1\" \/><input type=\"hidden\" name=\"_wpcf7_container_post\" value=\"0\" \/><input type=\"hidden\" name=\"_wpcf7_posted_data_hash\" value=\"\" \/>\n<\/fieldset>\n<div class=\"row clearfix\">\n\t<div class=\"col-lg-6 col-md-6 col-sm-12 big-column\">\n\t\t<div class=\"form-group\">\n\t\t\t<p><span class=\"wpcf7-form-control-wrap\" data-name=\"your-name\"><input size=\"40\" maxlength=\"400\" class=\"wpcf7-form-control wpcf7-text wpcf7-validates-as-required\" aria-required=\"true\" aria-invalid=\"false\" placeholder=\"Votre Nom *\" value=\"\" type=\"text\" name=\"your-name\" \/><\/span>\n\t\t\t<\/p>\n\t\t<\/div>\n\t\t<div class=\"form-group\">\n\t\t\t<p><span class=\"wpcf7-form-control-wrap\" data-name=\"your-email\"><input size=\"40\" maxlength=\"400\" class=\"wpcf7-form-control wpcf7-email wpcf7-validates-as-required wpcf7-text wpcf7-validates-as-email\" aria-required=\"true\" aria-invalid=\"false\" placeholder=\"Votre Email *\" value=\"\" type=\"email\" name=\"your-email\" \/><\/span>\n\t\t\t<\/p>\n\t\t<\/div>\n\t\t<div class=\"form-group\">\n\t\t\t<p><span class=\"wpcf7-form-control-wrap\" data-name=\"your-message\"><textarea cols=\"40\" rows=\"10\" maxlength=\"2000\" class=\"wpcf7-form-control wpcf7-textarea\" aria-invalid=\"false\" placeholder=\"Votre demande ...\" name=\"your-message\"><\/textarea><\/span>\n\t\t\t<\/p>\n\t\t<\/div>\n\t<\/div>\n\t<div class=\"col-lg-12 col-md-12 col-sm-12 big-column\">\n\t\t<div class=\"form-group message-btn\">\n\t\t\t<p><input class=\"wpcf7-form-control wpcf7-submit has-spinner theme-btn\" type=\"submit\" value=\"Envoyer votre demande\" \/>\n\t\t\t<\/p>\n\t\t<\/div>\n\t<\/div>\n<\/div><div class=\"wpcf7-response-output\" aria-hidden=\"true\"><\/div>\n<\/form>\n<\/div>\n                            <\/div>\n                                                    <\/div>\n                    <\/div>\n                    \n                <\/div>\n            <\/div>\n        <\/section>\n        <!-- contact-information end -->\n\n        \t\t\t\t<\/div>\n\t\t\t\t<\/div>\n\t\t\t\t\t<\/div>\n\t\t<\/div>\n\t\t\t\t\t<\/div>\n\t\t<\/section>\n\t\t\t\t<\/div>\n\t\t","protected":false},"excerpt":{"rendered":"<p>Contact Pour votre information Adresse : 9 Rue de l&#8217;\u00e9glise Saint Martin Boisemont &#8211; 27150 Frenelles en Vexin Email : secretariat@frenellesenvexin.fr T\u00e9l\u00e9phone : 02.32.69.41.26 Horaires : Du lundi au vendredi: de 9h00 \u00e0 12h00 de 14h00 \u00e0 18h00 Samedi de 9h00 \u00e0 12h00<\/p>\n","protected":false},"author":1,"featured_media":0,"parent":0,"menu_order":0,"comment_status":"closed","ping_status":"closed","template":"tpl-default-elementor.php","meta":{"footnotes":""},"class_list":["post-952","page","type-page","status-publish","hentry"],"_links":{"self":[{"href":"https:\/\/www.frenellesenvexin.fr\/site\/wp-json\/wp\/v2\/pages\/952","targetHints":{"allow":["GET"]}}],"collection":[{"href":"https:\/\/www.frenellesenvexin.fr\/site\/wp-json\/wp\/v2\/pages"}],"about":[{"href":"https:\/\/www.frenellesenvexin.fr\/site\/wp-json\/wp\/v2\/types\/page"}],"author":[{"embeddable":true,"href":"https:\/\/www.frenellesenvexin.fr\/site\/wp-json\/wp\/v2\/users\/1"}],"replies":[{"embeddable":true,"href":"https:\/\/www.frenellesenvexin.fr\/site\/wp-json\/wp\/v2\/comments?post=952"}],"version-history":[{"count":0,"href":"https:\/\/www.frenellesenvexin.fr\/site\/wp-json\/wp\/v2\/pages\/952\/revisions"}],"wp:attachment":[{"href":"https:\/\/www.frenellesenvexin.fr\/site\/wp-json\/wp\/v2\/media?parent=952"}],"curies":[{"name":"wp","href":"https:\/\/api.w.org\/{rel}","templated":true}]}}