{"id":9909,"date":"2024-09-26T10:33:03","date_gmt":"2024-09-26T08:33:03","guid":{"rendered":"https:\/\/www.frenellesenvexin.fr\/site\/?page_id=9909"},"modified":"2025-04-10T15:41:40","modified_gmt":"2025-04-10T13:41:40","slug":"mentions-legales","status":"publish","type":"page","link":"https:\/\/www.frenellesenvexin.fr\/site\/mentions-legales\/","title":{"rendered":"Mentions L\u00e9gales"},"content":{"rendered":"<p><strong><span style=\"color: #333333;\">Mentions L\u00e9gales :<\/span><\/strong><br \/>\n<span style=\"color: #333333;\">Conform\u00e9ment aux dispositions des articles 6-III et 19 de la Loi n\u00b0 2004-575 du 21 juin<\/span><br \/>\n<span style=\"color: #333333;\">2004 pour la Confiance dans l\u2019\u00e9conomie num\u00e9rique, dite L.C.E.N., nous portons \u00e0 la<\/span><br \/>\n<span style=\"color: #333333;\">connaissance des utilisateurs et visiteurs du site : www.frenellesenvexin.fr les<\/span><br \/>\n<span style=\"color: #333333;\">informations suivantes :<\/span><\/p>\n<p><strong><span style=\"color: #333333;\">\u00c9DITEUR<\/span><\/strong><br \/>\n<span style=\"color: #333333;\">Le site www.frenellesenvexin.fr est la propri\u00e9t\u00e9 exclusive de <strong>COMMUNE DE <\/strong><\/span><span style=\"color: #333333;\"><strong>FRENELLES EN VEXIN<\/strong>, qui l\u2019\u00e9dite.<\/span><br \/>\n<strong><span style=\"color: #333333;\">COMMUNE DE FRENELLES EN VEXIN<\/span><\/strong><br \/>\n<strong><span style=\"color: #333333;\">Collectivit\u00e9 territoriale commune \u2013 T\u00e9l : 02 32 69 41 26<\/span><\/strong><br \/>\n<strong><span style=\"color: #333333;\">Repr\u00e9sent\u00e9e par Aline BERTOU, Maire<\/span><\/strong><br \/>\n<strong><span style=\"color: #333333;\">MAIRIE, 9 RUE DE L\u2019\u00c9GLISE SAINT MARTIN \u2013 BOISEMONT \u2013 27150 FRENELLES EN<\/span><\/strong><strong><span style=\"color: #333333;\">VEXIN<\/span><\/strong><br \/>\n<span style=\"color: #333333;\">Immatricul\u00e9e sous le num\u00e9ro de SIRET : <strong>20008546200014<\/strong><\/span><\/p>\n<p><strong><span style=\"color: #333333;\">Responsable de la publication : Fanny MOUCHARD, charg\u00e9e de communication de la <\/span><\/strong><strong><span style=\"color: #333333;\">MAIRIE DE FRENELLES EN VEXIN<\/span><\/strong><br \/>\n<span style=\"color: #333333;\">Contactez le responsable de la publication : secretariat@frenellesenvexin.fr<\/span><\/p>\n<p><strong><span style=\"color: #333333;\">H\u00c9BERGEMENT<\/span><\/strong><br \/>\n<span style=\"color: #333333;\">Le site est h\u00e9berg\u00e9 par <strong>OVH SASU 2 RUE KELLERMANN 59100 ROUBAIX &#8211; 09 72 10 10 07<\/strong><\/span><\/p>\n<p><strong><span style=\"color: #333333;\">CONFIDENTIALIT\u00c9 (privacy)<\/span><\/strong><br \/>\n<span style=\"color: #333333;\">L\u2019engagement de confidentialit\u00e9 de \u00ab Commune de Frenelles en Vexin \u00bb s\u2019applique \u00e0 <\/span><span style=\"color: #333333;\">l\u2019utilisation de ce Site et de l\u2019application mobile, et ses conditions sont int\u00e9gr\u00e9es aux <\/span><span style=\"color: #333333;\">pr\u00e9sentes Conditions d\u2019utilisation \u00e0 titre de r\u00e9f\u00e9rence. En outre, en utilisant ce Site, vous <\/span><span style=\"color: #333333;\">reconnaissez et acceptez le fait que les transmissions via Internet ne sont jamais <\/span><span style=\"color: #333333;\">totalement confidentielles et s\u00fbres. Vous comprenez le fait que tout message ou toute <\/span><span style=\"color: #333333;\">information que vous transmettez au Site peut \u00eatre lu ou intercept\u00e9 par d\u2019autres, m\u00eame si <\/span><span style=\"color: #333333;\">un avis sp\u00e9cial pr\u00e9cise qu\u2019une transmission donn\u00e9e est chiffr\u00e9e.<\/span><\/p>\n<p><span style=\"color: #333333;\">Liens vers d\u2019autres sites et vers le site \u00ab Commune de Frenelles en Vexin \u00bb:<\/span><br \/>\n<span style=\"color: #333333;\">Ce Site peut contenir des liens vers d\u2019autres sites web tiers ind\u00e9pendants (les \u00ab Sites li\u00e9s<\/span><span style=\"color: #333333;\">\u00bb). Ces Sites li\u00e9s sont indiqu\u00e9s uniquement \u00e0 titre de commodit\u00e9 pour nos visiteurs. Ces <\/span><span style=\"color: #333333;\">Sites li\u00e9s ne sont pas sous le contr\u00f4le de la \u00ab Commune de Frenelles en Vexin \u00bb, et la \u00ab<\/span><br \/>\n<span style=\"color: #333333;\">Commune de Frenelles en Vexin\u00bb n\u2019est pas responsable et n\u2019avalise pas le contenu de <\/span><span style=\"color: #333333;\">ces Sites li\u00e9s, y compris des informations qui y sont publi\u00e9es. Vous devrez vous faire votre <\/span><span style=\"color: #333333;\">propre jugement concernant vos interactions avec ces Sites li\u00e9s.<\/span><\/p>\n<p><strong><span style=\"color: #333333;\">\u201cSIGNALEMENTS\u201d DEPUIS L\u2019APPLICATION MOBILE<\/span><\/strong><br \/>\n<span style=\"color: #333333;\">Vos donn\u00e9es personnelles sont collect\u00e9es pour ensuite vous envoyer par email <\/span><span style=\"color: #333333;\">l\u2019information sur la prise en compte de votre signalement \u00e9co-citoyen par nos services.<\/span><br \/>\n<span style=\"color: #333333;\">Les donn\u00e9es collect\u00e9es (de fa\u00e7on \u00e9ph\u00e9m\u00e8re) ne seront en aucun cas transmises \u00e0 un <\/span><span style=\"color: #333333;\">tiers.<\/span><br \/>\n<span style=\"color: #333333;\">Pour plus d\u2019information sur la politique de protection de vos donn\u00e9es personnelles, <\/span><span style=\"color: #333333;\">veuillez contacter la Mairie.<\/span><\/p>\n","protected":false},"excerpt":{"rendered":"<p>Mentions L\u00e9gales : Conform\u00e9ment aux dispositions des articles 6-III et 19 de la Loi n\u00b0 2004-575 du 21 juin 2004 pour la Confiance dans l\u2019\u00e9conomie num\u00e9rique, dite L.C.E.N., nous portons \u00e0 la connaissance des utilisateurs et visiteurs du site : www.frenellesenvexin.fr les informations suivantes : \u00c9DITEUR Le site www.frenellesenvexin.fr est la propri\u00e9t\u00e9 exclusive de COMMUNE [&hellip;]<\/p>\n","protected":false},"author":1,"featured_media":0,"parent":0,"menu_order":0,"comment_status":"closed","ping_status":"closed","template":"","meta":{"footnotes":""},"class_list":["post-9909","page","type-page","status-publish","hentry"],"_links":{"self":[{"href":"https:\/\/www.frenellesenvexin.fr\/site\/wp-json\/wp\/v2\/pages\/9909","targetHints":{"allow":["GET"]}}],"collection":[{"href":"https:\/\/www.frenellesenvexin.fr\/site\/wp-json\/wp\/v2\/pages"}],"about":[{"href":"https:\/\/www.frenellesenvexin.fr\/site\/wp-json\/wp\/v2\/types\/page"}],"author":[{"embeddable":true,"href":"https:\/\/www.frenellesenvexin.fr\/site\/wp-json\/wp\/v2\/users\/1"}],"replies":[{"embeddable":true,"href":"https:\/\/www.frenellesenvexin.fr\/site\/wp-json\/wp\/v2\/comments?post=9909"}],"version-history":[{"count":0,"href":"https:\/\/www.frenellesenvexin.fr\/site\/wp-json\/wp\/v2\/pages\/9909\/revisions"}],"wp:attachment":[{"href":"https:\/\/www.frenellesenvexin.fr\/site\/wp-json\/wp\/v2\/media?parent=9909"}],"curies":[{"name":"wp","href":"https:\/\/api.w.org\/{rel}","templated":true}]}}